{"id":142,"date":"2023-11-11T17:47:19","date_gmt":"2023-11-11T17:47:19","guid":{"rendered":"https:\/\/theloveable.ca\/accueil\/"},"modified":"2023-12-01T13:04:03","modified_gmt":"2023-12-01T13:04:03","slug":"accueil","status":"publish","type":"page","link":"https:\/\/theloveable.ca\/fr\/","title":{"rendered":"Accueil"},"content":{"rendered":"<p>[et_pb_section fb_built=\u00a0\u00bb1&Prime; _builder_version=\u00a0\u00bb4.23.1&Prime; _module_preset=\u00a0\u00bbdefault\u00a0\u00bb background_image=\u00a0\u00bbhttps:\/\/theloveable.ca\/wp-content\/uploads\/2023\/11\/LoveAble_SoniaVonSacher_Credit_Dannygirl11-scaled.jpg\u00a0\u00bb min_height=\u00a0\u00bb800px\u00a0\u00bb height=\u00a0\u00bb800px\u00a0\u00bb max_height=\u00a0\u00bb1000px\u00a0\u00bb global_colors_info=\u00a0\u00bb{}\u00a0\u00bb][et_pb_row _builder_version=\u00a0\u00bb4.23.1&Prime; _module_preset=\u00a0\u00bbdefault\u00a0\u00bb global_colors_info=\u00a0\u00bb{}\u00a0\u00bb][et_pb_column type=\u00a0\u00bb4_4&Prime; _builder_version=\u00a0\u00bb4.23.1&Prime; _module_preset=\u00a0\u00bbdefault\u00a0\u00bb global_colors_info=\u00a0\u00bb{}\u00a0\u00bb][et_pb_text _builder_version=\u00a0\u00bb4.23.1&Prime; _module_preset=\u00a0\u00bbdefault\u00a0\u00bb text_font=\u00a0\u00bbAbel|700|||||||\u00a0\u00bb text_text_color=\u00a0\u00bb#FFFFFF\u00a0\u00bb text_font_size=\u00a0\u00bb20px\u00a0\u00bb header_font=\u00a0\u00bbAbel|700|||||||\u00a0\u00bb header_text_color=\u00a0\u00bb#FFFFFF\u00a0\u00bb header_font_size=\u00a0\u00bb75px\u00a0\u00bb custom_margin=\u00a0\u00bb30%||||false|false\u00a0\u00bb hover_enabled=\u00a0\u00bb0&Prime; header_font_size_tablet=\u00a0\u00bb84px\u00a0\u00bb header_font_size_phone=\u00a0\u00bb75px\u00a0\u00bb header_font_size_last_edited=\u00a0\u00bbon|phone\u00a0\u00bb text_text_shadow_style=\u00a0\u00bbpreset1&Prime; header_text_shadow_style=\u00a0\u00bbpreset1&Prime; global_colors_info=\u00a0\u00bb{}\u00a0\u00bb animation_style=\u00a0\u00bbflip\u00a0\u00bb animation_direction=\u00a0\u00bbleft\u00a0\u00bb sticky_enabled=\u00a0\u00bb0&Prime;]<\/p>\n<div id=\"comp-kwn02e8m\" class=\"BaOVQ8 tz5f0K comp-kwn02e8m wixui-rich-text\" data-testid=\"richTextElement\">\n<h1 class=\"font_3 wixui-rich-text__text\" style=\"text-align: center;\"><span class=\"color_11 wixui-rich-text__text\"><span class=\"wixui-rich-text__text\">LOVEABLE<\/span><\/span><\/h1>\n<\/div>\n<div id=\"comp-kwn02e8o\" class=\"BaOVQ8 tz5f0K comp-kwn02e8o wixui-rich-text\" data-testid=\"richTextElement\">\n<p class=\"font_2 wixui-rich-text__text\" style=\"text-align: center;\"><span class=\"color_11 wixui-rich-text__text\">Parce qu\u2019on vous aime!<\/span><\/p>\n<\/div>\n<p>[\/et_pb_text][\/et_pb_column][\/et_pb_row][\/et_pb_section][et_pb_section fb_built=\u00a0\u00bb1&Prime; _builder_version=\u00a0\u00bb4.23.1&Prime; _module_preset=\u00a0\u00bbdefault\u00a0\u00bb global_colors_info=\u00a0\u00bb{}\u00a0\u00bb][et_pb_row column_structure=\u00a0\u00bb1_2,1_2&Prime; _builder_version=\u00a0\u00bb4.23.1&Prime; _module_preset=\u00a0\u00bbdefault\u00a0\u00bb global_colors_info=\u00a0\u00bb{}\u00a0\u00bb][et_pb_column type=\u00a0\u00bb1_2&Prime; _builder_version=\u00a0\u00bb4.23.1&Prime; _module_preset=\u00a0\u00bbdefault\u00a0\u00bb global_colors_info=\u00a0\u00bb{}\u00a0\u00bb][et_pb_image src=\u00a0\u00bbhttps:\/\/theloveable.ca\/wp-content\/uploads\/2023\/05\/2d0c0e_daa24e6b83c84b659b63e6535b490de6mv2.webp\u00a0\u00bb title_text=\u00a0\u00bb2d0c0e_daa24e6b83c84b659b63e6535b490de6~mv2&Prime; _builder_version=\u00a0\u00bb4.23.1&Prime; _module_preset=\u00a0\u00bbdefault\u00a0\u00bb hover_enabled=\u00a0\u00bb0&Prime; global_colors_info=\u00a0\u00bb{}\u00a0\u00bb animation_style=\u00a0\u00bbfade\u00a0\u00bb sticky_enabled=\u00a0\u00bb0&Prime;][\/et_pb_image][\/et_pb_column][et_pb_column type=\u00a0\u00bb1_2&Prime; _builder_version=\u00a0\u00bb4.23.1&Prime; _module_preset=\u00a0\u00bbdefault\u00a0\u00bb global_colors_info=\u00a0\u00bb{}\u00a0\u00bb][et_pb_text _builder_version=\u00a0\u00bb4.23.1&Prime; _module_preset=\u00a0\u00bbdefault\u00a0\u00bb header_font=\u00a0\u00bbAbel|700|||||||\u00a0\u00bb header_text_align=\u00a0\u00bbcenter\u00a0\u00bb header_text_color=\u00a0\u00bb#000000&Prime; header_font_size=\u00a0\u00bb84px\u00a0\u00bb global_colors_info=\u00a0\u00bb{}\u00a0\u00bb]<\/p>\n<h1 style=\"text-align: left;\">\u00c0 propos de nous<\/h1>\n<p class=\"font_7 wixui-rich-text__text\" style=\"text-align: left;\"><span class=\"color_11 wixui-rich-text__text\">LoveAble est un tout nouveau r\u00e9pertoire de pourvoyeur.euses de services qui s&rsquo;adressent \u00e0 une client\u00e8le handicap\u00e9e.<\/span><\/p>\n<p class=\"font_7 wixui-rich-text__text\" style=\"text-align: left;\"><span class=\"color_11 wixui-rich-text__text\">Nous ne sommes pas une <span class=\"wixui-rich-text__text\"><strong>agence<\/strong>.<span> <\/span><\/span>Nous ne sommes pas un service de booking. Nous ne sommes pas un collectif. Nous sommes une base de donn\u00e9es sans but lucratif de travailleur.euses du sexe ind\u00e9pendant.es pour la client\u00e8le handicap\u00e9e, g\u00e9r\u00e9e par des b\u00e9n\u00e9voles bienveillantes. Nous sommes l\u00e0 pour faciliter et s\u00e9curiser votre recherche d&rsquo;un pourvoyeur.euse de services.<\/span><span class=\"color_11 wixui-rich-text__text\"><\/span><\/p>\n<p class=\"font_7 wixui-rich-text__text\" style=\"text-align: left;\"><span class=\"color_11 wixui-rich-text__text\">Nous ne couvrons actuellement que la province de Qu\u00e9bec, mais nous visons \u00e0 \u00e9largir la port\u00e9e de nos actions \u00e0 l&rsquo;ensemble du Canada tr\u00e8s bient\u00f4t!<\/span><\/p>\n<p>[\/et_pb_text][\/et_pb_column][\/et_pb_row][\/et_pb_section][et_pb_section fb_built=\u00a0\u00bb1&Prime; _builder_version=\u00a0\u00bb4.23.1&Prime; _module_preset=\u00a0\u00bbdefault\u00a0\u00bb background_color=\u00a0\u00bb#000000&Prime; global_colors_info=\u00a0\u00bb{}\u00a0\u00bb][et_pb_row _builder_version=\u00a0\u00bb4.23.1&Prime; _module_preset=\u00a0\u00bbdefault\u00a0\u00bb global_colors_info=\u00a0\u00bb{}\u00a0\u00bb][et_pb_column type=\u00a0\u00bb4_4&Prime; _builder_version=\u00a0\u00bb4.23.1&Prime; _module_preset=\u00a0\u00bbdefault\u00a0\u00bb global_colors_info=\u00a0\u00bb{}\u00a0\u00bb][et_pb_text _builder_version=\u00a0\u00bb4.23.1&Prime; _module_preset=\u00a0\u00bbdefault\u00a0\u00bb header_font=\u00a0\u00bbAbel|700|||||||\u00a0\u00bb header_text_color=\u00a0\u00bb#FFFFFF\u00a0\u00bb header_font_size=\u00a0\u00bb75px\u00a0\u00bb global_colors_info=\u00a0\u00bb{}\u00a0\u00bb]<\/p>\n<h1 style=\"text-align: center;\">Nos membres<\/h1>\n<p>[\/et_pb_text][\/et_pb_column][\/et_pb_row][et_pb_row _builder_version=\u00a0\u00bb4.23.1&Prime; _module_preset=\u00a0\u00bbdefault\u00a0\u00bb global_colors_info=\u00a0\u00bb{}\u00a0\u00bb][et_pb_column type=\u00a0\u00bb4_4&Prime; _builder_version=\u00a0\u00bb4.23.1&Prime; _module_preset=\u00a0\u00bbdefault\u00a0\u00bb global_colors_info=\u00a0\u00bb{}\u00a0\u00bb][dgcm_cptgrid post_type=\u00a0\u00bbmembre\u00a0\u00bb posts_number=\u00a0\u00bb100&Prime; orderby=\u00a0\u00bb2&Prime; alignment=\u00a0\u00bbcenter\u00a0\u00bb column_tablet=\u00a0\u00bb2&Prime; column_phone=\u00a0\u00bb1&Prime; column_last_edited=\u00a0\u00bbon|desktop\u00a0\u00bb _builder_version=\u00a0\u00bb4.23.1&Prime; _module_preset=\u00a0\u00bbdefault\u00a0\u00bb global_colors_info=\u00a0\u00bb{}\u00a0\u00bb][dgcm_cptitem type=\u00a0\u00bbimage\u00a0\u00bb image_size=\u00a0\u00bboriginal\u00a0\u00bb image_full_width=\u00a0\u00bbon\u00a0\u00bb _builder_version=\u00a0\u00bb4.23.1&Prime; _module_preset=\u00a0\u00bbdefault\u00a0\u00bb link_option_url=\u00a0\u00bb#\u00a0\u00bb link_option_url_new_window=\u00a0\u00bbon\u00a0\u00bb global_colors_info=\u00a0\u00bb{}\u00a0\u00bb][\/dgcm_cptitem][dgcm_cptitem type=\u00a0\u00bbtitle\u00a0\u00bb _builder_version=\u00a0\u00bb4.23.1&Prime; _module_preset=\u00a0\u00bbdefault\u00a0\u00bb body_font=\u00a0\u00bbAbel|700|||||||\u00a0\u00bb body_text_align=\u00a0\u00bbcenter\u00a0\u00bb body_text_color=\u00a0\u00bb#FFFFFF\u00a0\u00bb body_font_size=\u00a0\u00bb24px\u00a0\u00bb body_letter_spacing=\u00a0\u00bb1px\u00a0\u00bb text_orientation=\u00a0\u00bbcenter\u00a0\u00bb link_option_url=\u00a0\u00bb#\u00a0\u00bb global_colors_info=\u00a0\u00bb{}\u00a0\u00bb][\/dgcm_cptitem][dgcm_cptitem type=\u00a0\u00bbcontent\u00a0\u00bb post_content=\u00a0\u00bbcontent\u00a0\u00bb _builder_version=\u00a0\u00bb4.23.1&Prime; _module_preset=\u00a0\u00bbdefault\u00a0\u00bb body_font=\u00a0\u00bbAbel||||||||\u00a0\u00bb body_text_align=\u00a0\u00bbcenter\u00a0\u00bb body_text_color=\u00a0\u00bb#FFFFFF\u00a0\u00bb body_font_size=\u00a0\u00bb15px\u00a0\u00bb text_orientation=\u00a0\u00bbcenter\u00a0\u00bb global_colors_info=\u00a0\u00bb{}\u00a0\u00bb][\/dgcm_cptitem][dgcm_cptitem type=\u00a0\u00bbacf_fields\u00a0\u00bb post_type_for_acf=\u00a0\u00bbmembre\u00a0\u00bb membre=\u00a0\u00bbsite_web\u00a0\u00bb acf_url_text=\u00a0\u00bbView my Website\u00a0\u00bb acf_url_new_window=\u00a0\u00bbon\u00a0\u00bb element_margin=\u00a0\u00bb||||false|false\u00a0\u00bb element_padding=\u00a0\u00bb10px|25px|10px|25px|false|false\u00a0\u00bb _builder_version=\u00a0\u00bb4.23.1&Prime; _dynamic_attributes=\u00a0\u00bblink_option_url\u00a0\u00bb _module_preset=\u00a0\u00bbdefault\u00a0\u00bb body_font=\u00a0\u00bbAbel|700|||||||\u00a0\u00bb body_text_align=\u00a0\u00bbcenter\u00a0\u00bb body_text_color=\u00a0\u00bb#000000&Prime; body_font_size=\u00a0\u00bb20px\u00a0\u00bb background_color=\u00a0\u00bb#FFFFFF\u00a0\u00bb background_enable_color=\u00a0\u00bbon\u00a0\u00bb text_orientation=\u00a0\u00bbcenter\u00a0\u00bb module_alignment=\u00a0\u00bbcenter\u00a0\u00bb link_option_url=\u00a0\u00bb@ET-DC@eyJkeW5hbWljIjp0cnVlLCJjb250ZW50IjoicG9zdF9tZXRhX2tleSIsInNldHRpbmdzIjp7ImJlZm9yZSI6IiIsImFmdGVyIjoiIiwibWV0YV9rZXkiOiJzaXRlX3dlYiJ9fQ==@\u00a0\u00bb link_option_url_new_window=\u00a0\u00bbon\u00a0\u00bb border_radii=\u00a0\u00bbon|12px|12px|12px|12px\u00a0\u00bb border_width_all=\u00a0\u00bb1px\u00a0\u00bb border_color_all=\u00a0\u00bb#FFFFFF\u00a0\u00bb global_colors_info=\u00a0\u00bb{}\u00a0\u00bb][\/dgcm_cptitem][\/dgcm_cptgrid][\/et_pb_column][\/et_pb_row][et_pb_row _builder_version=\u00a0\u00bb4.23.1&Prime; _module_preset=\u00a0\u00bbdefault\u00a0\u00bb global_colors_info=\u00a0\u00bb{}\u00a0\u00bb][et_pb_column type=\u00a0\u00bb4_4&Prime; _builder_version=\u00a0\u00bb4.23.1&Prime; _module_preset=\u00a0\u00bbdefault\u00a0\u00bb global_colors_info=\u00a0\u00bb{}\u00a0\u00bb][et_pb_icon font_icon=\u00a0\u00bb&#xf10e;||fa||900&Prime; _builder_version=\u00a0\u00bb4.23.1&Prime; _module_preset=\u00a0\u00bbdefault\u00a0\u00bb global_colors_info=\u00a0\u00bb{}\u00a0\u00bb][\/et_pb_icon][et_pb_text _builder_version=\u00a0\u00bb4.23.1&Prime; _module_preset=\u00a0\u00bbdefault\u00a0\u00bb text_text_color=\u00a0\u00bb#FFFFFF\u00a0\u00bb header_text_color=\u00a0\u00bb#FFFFFF\u00a0\u00bb header_2_font=\u00a0\u00bbAbel|700|||||||\u00a0\u00bb header_2_text_color=\u00a0\u00bb#FFFFFF\u00a0\u00bb global_colors_info=\u00a0\u00bb{}\u00a0\u00bb]<\/p>\n<h2 class=\"font_6 wixui-rich-text__text\" style=\"text-align: center;\"><span class=\"color_11 wixui-rich-text__text\"><span class=\"wixui-rich-text__text\">Je t&rsquo;aime. Vous vous dites probablement : \u00ab\u00a0Vous ne me connaissez m\u00eame pas.\u00a0\u00bb Mais si les gens peuvent ha\u00efr sans raison, je peux aimer.<\/span><\/span><\/h2>\n<p>[\/et_pb_text][\/et_pb_column][\/et_pb_row][\/et_pb_section][et_pb_section fb_built=\u00a0\u00bb1&Prime; _builder_version=\u00a0\u00bb4.23.1&Prime; _module_preset=\u00a0\u00bbdefault\u00a0\u00bb global_colors_info=\u00a0\u00bb{}\u00a0\u00bb][et_pb_row column_structure=\u00a0\u00bb1_2,1_2&Prime; _builder_version=\u00a0\u00bb4.23.1&Prime; _module_preset=\u00a0\u00bbdefault\u00a0\u00bb global_colors_info=\u00a0\u00bb{}\u00a0\u00bb][et_pb_column type=\u00a0\u00bb1_2&Prime; _builder_version=\u00a0\u00bb4.23.1&Prime; _module_preset=\u00a0\u00bbdefault\u00a0\u00bb global_colors_info=\u00a0\u00bb{}\u00a0\u00bb][et_pb_text _builder_version=\u00a0\u00bb4.23.1&Prime; _module_preset=\u00a0\u00bbdefault\u00a0\u00bb header_font=\u00a0\u00bbAbel|700|||||||\u00a0\u00bb header_text_color=\u00a0\u00bb#000000&Prime; header_font_size=\u00a0\u00bb75px\u00a0\u00bb global_colors_info=\u00a0\u00bb{}\u00a0\u00bb]<\/p>\n<div id=\"comp-kvspokan2\" class=\"BaOVQ8 tz5f0K comp-kvspokan2 wixui-rich-text\" data-testid=\"richTextElement\">\n<h1 class=\"font_4 wixui-rich-text__text\" style=\"text-align: center;\"><span class=\"color_32 wixui-rich-text__text\"><span class=\"wixui-rich-text__text\">MESSAGE DE LA FONDATRICE<\/span><\/span><\/h1>\n<\/div>\n<div id=\"comp-kvspokan3\" class=\"BaOVQ8 tz5f0K comp-kvspokan3 wixui-rich-text\" data-testid=\"richTextElement\">\n<p class=\"font_7 wixui-rich-text__text\" style=\"text-align: center;\"><span class=\"wixui-rich-text__text\"><span class=\"color_11 wixui-rich-text__text\">J&rsquo;ai cr\u00e9\u00e9 LoveAble pour faciliter le processus permettant aux personnes handicap\u00e9es de trouver le ou la pourvoyeur.euse de services id\u00e9al.e pour elles. Au cours de mes ann\u00e9es de services aupr\u00e8s d\u2019une client\u00e8le handicap\u00e9e, j&rsquo;ai pu constater \u00e0 quel point le processus de recherche du match parfait peut \u00eatre complexe et p\u00e9rilleux pour eux. J\u2019ai d\u00e9cid\u00e9 de cr\u00e9er cette base de donn\u00e9es dont le besoin se fait sentir.<\/span><\/span><\/p>\n<p class=\"font_7 wixui-rich-text__text\" style=\"text-align: center;\"><span class=\"wixui-rich-text__text\"><span class=\"color_11 wixui-rich-text__text\">LoveAble, c\u2019est une question d\u2019amour et d\u2019acceptation! <\/span><\/span><\/p>\n<p class=\"font_7 wixui-rich-text__text\" style=\"text-align: center;\"><em><span class=\"wixui-rich-text__text\"><span class=\"color_11 wixui-rich-text__text\">Sonia von Sacher <\/span><\/span><\/em><\/p>\n<\/div>\n<p>[\/et_pb_text][\/et_pb_column][et_pb_column type=\u00a0\u00bb1_2&Prime; _builder_version=\u00a0\u00bb4.23.1&Prime; _module_preset=\u00a0\u00bbdefault\u00a0\u00bb global_colors_info=\u00a0\u00bb{}\u00a0\u00bb][et_pb_image src=\u00a0\u00bbhttps:\/\/theloveable.ca\/wp-content\/uploads\/2023\/11\/2d0c0e_e5838ef329534cf7bc6ea3616a7a7020mv2.webp\u00a0\u00bb title_text=\u00a0\u00bb2d0c0e_e5838ef329534cf7bc6ea3616a7a7020~mv2&Prime; _builder_version=\u00a0\u00bb4.23.1&Prime; _module_preset=\u00a0\u00bbdefault\u00a0\u00bb hover_enabled=\u00a0\u00bb0&Prime; global_colors_info=\u00a0\u00bb{}\u00a0\u00bb animation_style=\u00a0\u00bbfade\u00a0\u00bb sticky_enabled=\u00a0\u00bb0&Prime;][\/et_pb_image][\/et_pb_column][\/et_pb_row][\/et_pb_section][et_pb_section fb_built=\u00a0\u00bb1&Prime; _builder_version=\u00a0\u00bb4.23.1&Prime; _module_preset=\u00a0\u00bbdefault\u00a0\u00bb background_color=\u00a0\u00bb#000000&Prime; global_colors_info=\u00a0\u00bb{}\u00a0\u00bb][et_pb_row column_structure=\u00a0\u00bb1_2,1_2&Prime; _builder_version=\u00a0\u00bb4.23.1&Prime; _module_preset=\u00a0\u00bbdefault\u00a0\u00bb global_colors_info=\u00a0\u00bb{}\u00a0\u00bb][et_pb_column type=\u00a0\u00bb1_2&Prime; _builder_version=\u00a0\u00bb4.23.1&Prime; _module_preset=\u00a0\u00bbdefault\u00a0\u00bb global_colors_info=\u00a0\u00bb{}\u00a0\u00bb][et_pb_text _builder_version=\u00a0\u00bb4.23.1&Prime; _module_preset=\u00a0\u00bbdefault\u00a0\u00bb text_text_color=\u00a0\u00bb#FFFFFF\u00a0\u00bb header_font=\u00a0\u00bbAbel|700|||||||\u00a0\u00bb header_text_color=\u00a0\u00bb#FFFFFF\u00a0\u00bb header_font_size=\u00a0\u00bb84px\u00a0\u00bb header_font_size_tablet=\u00a0\u00bb84px\u00a0\u00bb header_font_size_phone=\u00a0\u00bb75px\u00a0\u00bb header_font_size_last_edited=\u00a0\u00bbon|phone\u00a0\u00bb global_colors_info=\u00a0\u00bb{}\u00a0\u00bb]<\/p>\n<div id=\"comp-kvspokan2\" class=\"BaOVQ8 tz5f0K comp-kvspokan2 wixui-rich-text\" data-testid=\"richTextElement\">\n<div id=\"bgLayers_comp-kwn0imqq\" data-hook=\"bgLayers\" class=\"MW5IWV\">\n<h1 id=\"bgMedia_comp-kwn0imqq\" class=\"VgO9Yg\" style=\"text-align: center;\">DONNEZ-NOUS VOTRE AVIS<\/h1>\n<\/div>\n<div data-mesh-id=\"comp-kwn0imqqinlineContent\" data-testid=\"inline-content\" class=\"\">\n<div data-mesh-id=\"comp-kwn0imqqinlineContent-gridContainer\" data-testid=\"mesh-container-content\">\n<div id=\"comp-kwpf6aix\" class=\"KcpHeO tz5f0K comp-kwpf6aix wixui-rich-text\" data-testid=\"richTextElement\">\n<p class=\"font_0 wixui-rich-text__text\" style=\"text-align: center;\"><span class=\"wixui-rich-text__text\"><span class=\"color_11 wixui-rich-text__text\">Veuillez noter que nous ne sommes pas responsables de la qualit\u00e9 de votre rencontre avec l&rsquo;une des anges r\u00e9pertori\u00e9es sur notre site Web. Cela \u00e9tant dit, si vous avez une exp\u00e9rience n\u00e9gative, nous aimerions en \u00eatre inform\u00e9es afin que nous puissions reconsid\u00e9rer leur inscription.<\/span><\/span><\/p>\n<p class=\"font_0 wixui-rich-text__text\" style=\"text-align: center;\"><span class=\"wixui-rich-text__text\"><span class=\"color_11 wixui-rich-text__text\"><span class=\"wixGuard wixui-rich-text__text\">\u200b<\/span><\/span><\/span><\/p>\n<p class=\"font_0 wixui-rich-text__text\" style=\"text-align: center;\"><span class=\"wixui-rich-text__text\"><span class=\"color_11 wixui-rich-text__text\">Courriel :<\/span><\/span><\/p>\n<p class=\"font_0 wixui-rich-text__text\" style=\"text-align: center;\"><a href=\"mailto:booking@soniavonsacher.com?subject=LoveAble%20Feedback\" target=\"_self\" class=\"wixui-rich-text__text\" rel=\"noopener\"><span class=\"wixui-rich-text__text\"><span class=\"color_11 wixui-rich-text__text\">booking@soniavonsacher.com<\/span><\/span><\/a><\/p>\n<\/div>\n<\/div>\n<\/div>\n<\/div>\n<p>[\/et_pb_text][\/et_pb_column][et_pb_column type=\u00a0\u00bb1_2&Prime; _builder_version=\u00a0\u00bb4.23.1&Prime; _module_preset=\u00a0\u00bbdefault\u00a0\u00bb global_colors_info=\u00a0\u00bb{}\u00a0\u00bb][et_pb_image src=\u00a0\u00bbhttps:\/\/theloveable.ca\/wp-content\/uploads\/2023\/11\/2d0c0e_3bbaae28429f45ff86b0df2384ec9c31mv2.webp\u00a0\u00bb title_text=\u00a0\u00bb2d0c0e_3bbaae28429f45ff86b0df2384ec9c31~mv2&Prime; _builder_version=\u00a0\u00bb4.23.1&Prime; _module_preset=\u00a0\u00bbdefault\u00a0\u00bb hover_enabled=\u00a0\u00bb0&Prime; global_colors_info=\u00a0\u00bb{}\u00a0\u00bb animation_style=\u00a0\u00bbfade\u00a0\u00bb sticky_enabled=\u00a0\u00bb0&Prime;][\/et_pb_image][\/et_pb_column][\/et_pb_row][\/et_pb_section]<\/p>\n","protected":false},"excerpt":{"rendered":"<p>LOVEABLE Parce qu\u2019on vous aime! \u00c0 propos de nous LoveAble est un tout nouveau r\u00e9pertoire de pourvoyeur.euses de services qui s&rsquo;adressent \u00e0 une client\u00e8le handicap\u00e9e. Nous ne sommes pas une agence. Nous ne sommes pas un service de booking. Nous ne sommes pas un collectif. Nous sommes une base de donn\u00e9es sans but lucratif de [&hellip;]<\/p>\n","protected":false},"author":1,"featured_media":0,"parent":0,"menu_order":0,"comment_status":"closed","ping_status":"closed","template":"","meta":{"_acf_changed":false,"_et_pb_use_builder":"on","_et_pb_old_content":"","_et_gb_content_width":"","footnotes":""},"class_list":["post-142","page","type-page","status-publish","hentry"],"acf":[],"_links":{"self":[{"href":"https:\/\/theloveable.ca\/fr\/wp-json\/wp\/v2\/pages\/142","targetHints":{"allow":["GET"]}}],"collection":[{"href":"https:\/\/theloveable.ca\/fr\/wp-json\/wp\/v2\/pages"}],"about":[{"href":"https:\/\/theloveable.ca\/fr\/wp-json\/wp\/v2\/types\/page"}],"author":[{"embeddable":true,"href":"https:\/\/theloveable.ca\/fr\/wp-json\/wp\/v2\/users\/1"}],"replies":[{"embeddable":true,"href":"https:\/\/theloveable.ca\/fr\/wp-json\/wp\/v2\/comments?post=142"}],"version-history":[{"count":10,"href":"https:\/\/theloveable.ca\/fr\/wp-json\/wp\/v2\/pages\/142\/revisions"}],"predecessor-version":[{"id":414,"href":"https:\/\/theloveable.ca\/fr\/wp-json\/wp\/v2\/pages\/142\/revisions\/414"}],"wp:attachment":[{"href":"https:\/\/theloveable.ca\/fr\/wp-json\/wp\/v2\/media?parent=142"}],"curies":[{"name":"wp","href":"https:\/\/api.w.org\/{rel}","templated":true}]}}